{"id":4658,"date":"2025-03-07T20:39:14","date_gmt":"2025-03-07T20:39:14","guid":{"rendered":"https:\/\/vidanatural.pe\/?post_type=product&#038;p=4658"},"modified":"2025-04-11T15:50:24","modified_gmt":"2025-04-11T15:50:24","slug":"soy-aguajina","status":"publish","type":"product","link":"https:\/\/vidanatural.pe\/?product=soy-aguajina","title":{"rendered":"Soy Aguajina"},"content":{"rendered":"<p>Para una piel fresca y radiante, \u00a1prueba el poder de la <strong>soya<\/strong> y el <strong>aguaje<\/strong>!<\/p>\n","protected":false},"excerpt":{"rendered":"<ul>\n<li><strong>Soya<\/strong>: Protege tu salud femenina con isoflavonas naturales.<\/li>\n<li><strong>Aguaje<\/strong>: Rico en antioxidantes y vitamina C, hidrata tu piel y combate el envejecimiento.<br \/>\n<strong>Presentaci\u00f3n<\/strong>: 100 c\u00e1psulas<br \/>\n<strong>Recomendaci\u00f3n de consumo<\/strong>: 1 a 2 c\u00e1psulas con las comidas<\/li>\n<\/ul>\n","protected":false},"featured_media":4562,"comment_status":"open","ping_status":"closed","template":"","meta":{"_uag_custom_page_level_css":"","site-sidebar-layout":"default","site-content-layout":"","ast-site-content-layout":"default","site-content-style":"default","site-sidebar-style":"default","ast-global-header-display":"","ast-banner-title-visibility":"","ast-main-header-display":"","ast-hfb-above-header-display":"","ast-hfb-below-header-display":"","ast-hfb-mobile-header-display":"","site-post-title":"","ast-breadcrumbs-content":"","ast-featured-img":"","footer-sml-layout":"","ast-disable-related-posts":"","theme-transparent-header-meta":"default","adv-header-id-meta":"","stick-header-meta":"","header-above-stick-meta":"","header-main-stick-meta":"","header-below-stick-meta":"","astra-migrate-meta-layouts":"set","ast-page-background-enabled":"default","ast-page-background-meta":{"desktop":{"background-color":"","background-image":"","background-repeat":"repeat","background-position":"center center","background-size":"auto","background-attachment":"scroll","background-type":"","background-media":"","overlay-type":"","overlay-color":"","overlay-opacity":"","overlay-gradient":""},"tablet":{"background-color":"","background-image":"","background-repeat":"repeat","background-position":"center center","background-size":"auto","background-attachment":"scroll","background-type":"","background-media":"","overlay-type":"","overlay-color":"","overlay-opacity":"","overlay-gradient":""},"mobile":{"background-color":"","background-image":"","background-repeat":"repeat","background-position":"center center","background-size":"auto","background-attachment":"scroll","background-type":"","background-media":"","overlay-type":"","overlay-color":"","overlay-opacity":"","overlay-gradient":""}},"ast-content-background-meta":{"desktop":{"background-color":"var(--ast-global-color-5)","background-image":"","background-repeat":"repeat","background-position":"center center","background-size":"auto","background-attachment":"scroll","background-type":"","background-media":"","overlay-type":"","overlay-color":"","overlay-opacity":"","overlay-gradient":""},"tablet":{"background-color":"var(--ast-global-color-5)","background-image":"","background-repeat":"repeat","background-position":"center center","background-size":"auto","background-attachment":"scroll","background-type":"","background-media":"","overlay-type":"","overlay-color":"","overlay-opacity":"","overlay-gradient":""},"mobile":{"background-color":"var(--ast-global-color-5)","background-image":"","background-repeat":"repeat","background-position":"center center","background-size":"auto","background-attachment":"scroll","background-type":"","background-media":"","overlay-type":"","overlay-color":"","overlay-opacity":"","overlay-gradient":""}}},"product_brand":[],"product_cat":[16],"product_tag":[32],"class_list":{"0":"post-4658","1":"product","2":"type-product","3":"status-publish","4":"has-post-thumbnail","6":"product_cat-capsulas","7":"product_tag-soya-aguaje","8":"desktop-align-left","9":"tablet-align-left","10":"mobile-align-left","12":"first","13":"instock","14":"featured","15":"shipping-taxable","16":"purchasable","17":"product-type-simple"},"uagb_featured_image_src":{"full":["https:\/\/vidanatural.pe\/wp-content\/uploads\/2023\/10\/SOY-AGUAJINA.png",1000,1000,false],"thumbnail":["https:\/\/vidanatural.pe\/wp-content\/uploads\/2023\/10\/SOY-AGUAJINA-150x150.png",150,150,true],"medium":["https:\/\/vidanatural.pe\/wp-content\/uploads\/2023\/10\/SOY-AGUAJINA-300x300.png",300,300,true],"medium_large":["https:\/\/vidanatural.pe\/wp-content\/uploads\/2023\/10\/SOY-AGUAJINA-768x768.png",768,768,true],"large":["https:\/\/vidanatural.pe\/wp-content\/uploads\/2023\/10\/SOY-AGUAJINA.png",1000,1000,false],"1536x1536":["https:\/\/vidanatural.pe\/wp-content\/uploads\/2023\/10\/SOY-AGUAJINA.png",1000,1000,false],"2048x2048":["https:\/\/vidanatural.pe\/wp-content\/uploads\/2023\/10\/SOY-AGUAJINA.png",1000,1000,false],"woocommerce_thumbnail":["https:\/\/vidanatural.pe\/wp-content\/uploads\/2023\/10\/SOY-AGUAJINA-300x300.png",300,300,true],"woocommerce_single":["https:\/\/vidanatural.pe\/wp-content\/uploads\/2023\/10\/SOY-AGUAJINA-600x600.png",600,600,true],"woocommerce_gallery_thumbnail":["https:\/\/vidanatural.pe\/wp-content\/uploads\/2023\/10\/SOY-AGUAJINA-100x100.png",100,100,true]},"uagb_author_info":{"display_name":"admin","author_link":"https:\/\/vidanatural.pe\/?author=0"},"uagb_comment_info":0,"uagb_excerpt":"Soya: Protege tu salud femenina con isoflavonas naturales. Aguaje: Rico en antioxidantes y vitamina C, hidrata tu piel y combate el envejecimiento. Presentaci\u00f3n: 100 c\u00e1psulas Recomendaci\u00f3n de consumo: 1 a 2 c\u00e1psulas con las comidas","_links":{"self":[{"href":"https:\/\/vidanatural.pe\/index.php?rest_route=\/wp\/v2\/product\/4658","targetHints":{"allow":["GET"]}}],"collection":[{"href":"https:\/\/vidanatural.pe\/index.php?rest_route=\/wp\/v2\/product"}],"about":[{"href":"https:\/\/vidanatural.pe\/index.php?rest_route=\/wp\/v2\/types\/product"}],"replies":[{"embeddable":true,"href":"https:\/\/vidanatural.pe\/index.php?rest_route=%2Fwp%2Fv2%2Fcomments&post=4658"}],"wp:featuredmedia":[{"embeddable":true,"href":"https:\/\/vidanatural.pe\/index.php?rest_route=\/wp\/v2\/media\/4562"}],"wp:attachment":[{"href":"https:\/\/vidanatural.pe\/index.php?rest_route=%2Fwp%2Fv2%2Fmedia&parent=4658"}],"wp:term":[{"taxonomy":"product_brand","embeddable":true,"href":"https:\/\/vidanatural.pe\/index.php?rest_route=%2Fwp%2Fv2%2Fproduct_brand&post=4658"},{"taxonomy":"product_cat","embeddable":true,"href":"https:\/\/vidanatural.pe\/index.php?rest_route=%2Fwp%2Fv2%2Fproduct_cat&post=4658"},{"taxonomy":"product_tag","embeddable":true,"href":"https:\/\/vidanatural.pe\/index.php?rest_route=%2Fwp%2Fv2%2Fproduct_tag&post=4658"}],"curies":[{"name":"wp","href":"https:\/\/api.w.org\/{rel}","templated":true}]}}