{"id":4613,"date":"2023-10-11T20:10:43","date_gmt":"2023-10-11T20:10:43","guid":{"rendered":"https:\/\/vidanatural.pe\/?post_type=product&#038;p=4613"},"modified":"2025-04-16T22:22:40","modified_gmt":"2025-04-16T22:22:40","slug":"colageno-hidrolizado","status":"publish","type":"product","link":"https:\/\/vidanatural.pe\/?product=colageno-hidrolizado","title":{"rendered":"Col\u00e1geno Hidrolizado"},"content":{"rendered":"<p>\u00a1Un potente aliado para tu salud!<br \/>\nEste producto combina <strong>col\u00e1geno hidrolizado<\/strong> con <strong>camu camu<\/strong>, una superfruta llena de vitamina C que potencia tu salud y vitalidad.<\/p>\n","protected":false},"excerpt":{"rendered":"<p>&nbsp;<\/p>\n<p><strong>Presentaci\u00f3n<\/strong>: frasco por 100 c\u00e1psulas<\/p>\n<p><strong>Recomendaci\u00f3n de consumo<\/strong>: 1 a 2 c\u00e1psulas, 3 veces al d\u00eda, junto con las comidas.<\/p>\n","protected":false},"featured_media":4704,"comment_status":"closed","ping_status":"closed","template":"","meta":{"_uag_custom_page_level_css":"","site-sidebar-layout":"default","site-content-layout":"default","ast-site-content-layout":"default","site-content-style":"default","site-sidebar-style":"default","ast-global-header-display":"","ast-banner-title-visibility":"","ast-main-header-display":"","ast-hfb-above-header-display":"","ast-hfb-below-header-display":"","ast-hfb-mobile-header-display":"","site-post-title":"","ast-breadcrumbs-content":"","ast-featured-img":"","footer-sml-layout":"","ast-disable-related-posts":"","theme-transparent-header-meta":"default","adv-header-id-meta":"","stick-header-meta":"","header-above-stick-meta":"","header-main-stick-meta":"","header-below-stick-meta":"","astra-migrate-meta-layouts":"set","ast-page-background-enabled":"default","ast-page-background-meta":{"desktop":{"background-color":"","background-image":"","background-repeat":"repeat","background-position":"center center","background-size":"auto","background-attachment":"scroll","background-type":"","background-media":"","overlay-type":"","overlay-color":"","overlay-opacity":"","overlay-gradient":""},"tablet":{"background-color":"","background-image":"","background-repeat":"repeat","background-position":"center center","background-size":"auto","background-attachment":"scroll","background-type":"","background-media":"","overlay-type":"","overlay-color":"","overlay-opacity":"","overlay-gradient":""},"mobile":{"background-color":"","background-image":"","background-repeat":"repeat","background-position":"center center","background-size":"auto","background-attachment":"scroll","background-type":"","background-media":"","overlay-type":"","overlay-color":"","overlay-opacity":"","overlay-gradient":""}},"ast-content-background-meta":{"desktop":{"background-color":"var(--ast-global-color-5)","background-image":"","background-repeat":"repeat","background-position":"center center","background-size":"auto","background-attachment":"scroll","background-type":"","background-media":"","overlay-type":"","overlay-color":"","overlay-opacity":"","overlay-gradient":""},"tablet":{"background-color":"var(--ast-global-color-5)","background-image":"","background-repeat":"repeat","background-position":"center center","background-size":"auto","background-attachment":"scroll","background-type":"","background-media":"","overlay-type":"","overlay-color":"","overlay-opacity":"","overlay-gradient":""},"mobile":{"background-color":"var(--ast-global-color-5)","background-image":"","background-repeat":"repeat","background-position":"center center","background-size":"auto","background-attachment":"scroll","background-type":"","background-media":"","overlay-type":"","overlay-color":"","overlay-opacity":"","overlay-gradient":""}}},"product_brand":[],"product_cat":[16],"product_tag":[],"class_list":{"0":"post-4613","1":"product","2":"type-product","3":"status-publish","4":"has-post-thumbnail","6":"product_cat-capsulas","7":"desktop-align-left","8":"tablet-align-left","9":"mobile-align-left","11":"first","12":"instock","13":"featured","14":"shipping-taxable","15":"purchasable","16":"product-type-simple"},"uagb_featured_image_src":{"full":["https:\/\/vidanatural.pe\/wp-content\/uploads\/2023\/10\/colageno-capsulas-etiqueta-2555.png",1000,1000,false],"thumbnail":["https:\/\/vidanatural.pe\/wp-content\/uploads\/2023\/10\/colageno-capsulas-etiqueta-2555-150x150.png",150,150,true],"medium":["https:\/\/vidanatural.pe\/wp-content\/uploads\/2023\/10\/colageno-capsulas-etiqueta-2555-300x300.png",300,300,true],"medium_large":["https:\/\/vidanatural.pe\/wp-content\/uploads\/2023\/10\/colageno-capsulas-etiqueta-2555-768x768.png",768,768,true],"large":["https:\/\/vidanatural.pe\/wp-content\/uploads\/2023\/10\/colageno-capsulas-etiqueta-2555.png",1000,1000,false],"1536x1536":["https:\/\/vidanatural.pe\/wp-content\/uploads\/2023\/10\/colageno-capsulas-etiqueta-2555.png",1000,1000,false],"2048x2048":["https:\/\/vidanatural.pe\/wp-content\/uploads\/2023\/10\/colageno-capsulas-etiqueta-2555.png",1000,1000,false],"woocommerce_thumbnail":["https:\/\/vidanatural.pe\/wp-content\/uploads\/2023\/10\/colageno-capsulas-etiqueta-2555-300x300.png",300,300,true],"woocommerce_single":["https:\/\/vidanatural.pe\/wp-content\/uploads\/2023\/10\/colageno-capsulas-etiqueta-2555-600x600.png",600,600,true],"woocommerce_gallery_thumbnail":["https:\/\/vidanatural.pe\/wp-content\/uploads\/2023\/10\/colageno-capsulas-etiqueta-2555-100x100.png",100,100,true]},"uagb_author_info":{"display_name":"admin","author_link":"https:\/\/vidanatural.pe\/?author=0"},"uagb_comment_info":0,"uagb_excerpt":"&nbsp; Presentaci\u00f3n: frasco por 100 c\u00e1psulas Recomendaci\u00f3n de consumo: 1 a 2 c\u00e1psulas, 3 veces al d\u00eda, junto con las comidas.","_links":{"self":[{"href":"https:\/\/vidanatural.pe\/index.php?rest_route=\/wp\/v2\/product\/4613","targetHints":{"allow":["GET"]}}],"collection":[{"href":"https:\/\/vidanatural.pe\/index.php?rest_route=\/wp\/v2\/product"}],"about":[{"href":"https:\/\/vidanatural.pe\/index.php?rest_route=\/wp\/v2\/types\/product"}],"replies":[{"embeddable":true,"href":"https:\/\/vidanatural.pe\/index.php?rest_route=%2Fwp%2Fv2%2Fcomments&post=4613"}],"wp:featuredmedia":[{"embeddable":true,"href":"https:\/\/vidanatural.pe\/index.php?rest_route=\/wp\/v2\/media\/4704"}],"wp:attachment":[{"href":"https:\/\/vidanatural.pe\/index.php?rest_route=%2Fwp%2Fv2%2Fmedia&parent=4613"}],"wp:term":[{"taxonomy":"product_brand","embeddable":true,"href":"https:\/\/vidanatural.pe\/index.php?rest_route=%2Fwp%2Fv2%2Fproduct_brand&post=4613"},{"taxonomy":"product_cat","embeddable":true,"href":"https:\/\/vidanatural.pe\/index.php?rest_route=%2Fwp%2Fv2%2Fproduct_cat&post=4613"},{"taxonomy":"product_tag","embeddable":true,"href":"https:\/\/vidanatural.pe\/index.php?rest_route=%2Fwp%2Fv2%2Fproduct_tag&post=4613"}],"curies":[{"name":"wp","href":"https:\/\/api.w.org\/{rel}","templated":true}]}}