{"id":3672,"date":"2020-09-09T07:23:25","date_gmt":"2020-09-09T07:23:25","guid":{"rendered":"https:\/\/vidanatural.pe\/producto\/organic-face-scrub\/"},"modified":"2025-04-11T15:36:24","modified_gmt":"2025-04-11T15:36:24","slug":"cafeverde","status":"publish","type":"product","link":"https:\/\/vidanatural.pe\/?product=cafeverde","title":{"rendered":"Caf\u00e9 verde"},"content":{"rendered":"<p>\u00a1Activa tu metabolismo con el poder del caf\u00e9 verde!<br \/>\nEl <strong>caf\u00e9 verde<\/strong> es rico en \u00e1cido clorog\u00e9nico, un compuesto que ayuda a reducir la presi\u00f3n arterial, mejorar el metabolismo y combatir la celulitis.<\/p>\n","protected":false},"excerpt":{"rendered":"<p><strong><em>Presentaci\u00f3n<\/em><\/strong><em>: 90 c\u00e1psulas\u00a0\u00a0 500 mg<\/em><\/p>\n<p><strong><em>Contenido:<\/em><\/strong><em> Caf\u00e9 verde<\/em><\/p>\n<p><strong><em>Consumo recomendado: <\/em><\/strong><em>1 a 2 c\u00e1psulas junto con los alimentos<\/em><\/p>\n<p>&nbsp;<\/p>\n","protected":false},"featured_media":4566,"comment_status":"open","ping_status":"closed","template":"","meta":{"_uag_custom_page_level_css":"","site-sidebar-layout":"default","site-content-layout":"default","ast-site-content-layout":"default","site-content-style":"default","site-sidebar-style":"default","ast-global-header-display":"","ast-banner-title-visibility":"","ast-main-header-display":"","ast-hfb-above-header-display":"","ast-hfb-below-header-display":"","ast-hfb-mobile-header-display":"","site-post-title":"","ast-breadcrumbs-content":"","ast-featured-img":"","footer-sml-layout":"","ast-disable-related-posts":"","theme-transparent-header-meta":"default","adv-header-id-meta":"","stick-header-meta":"","header-above-stick-meta":"","header-main-stick-meta":"","header-below-stick-meta":"","astra-migrate-meta-layouts":"set","ast-page-background-enabled":"default","ast-page-background-meta":{"desktop":{"background-color":"","background-image":"","background-repeat":"repeat","background-position":"center center","background-size":"auto","background-attachment":"scroll","background-type":"","background-media":"","overlay-type":"","overlay-color":"","overlay-opacity":"","overlay-gradient":""},"tablet":{"background-color":"","background-image":"","background-repeat":"repeat","background-position":"center center","background-size":"auto","background-attachment":"scroll","background-type":"","background-media":"","overlay-type":"","overlay-color":"","overlay-opacity":"","overlay-gradient":""},"mobile":{"background-color":"","background-image":"","background-repeat":"repeat","background-position":"center center","background-size":"auto","background-attachment":"scroll","background-type":"","background-media":"","overlay-type":"","overlay-color":"","overlay-opacity":"","overlay-gradient":""}},"ast-content-background-meta":{"desktop":{"background-color":"var(--ast-global-color-5)","background-image":"","background-repeat":"repeat","background-position":"center center","background-size":"auto","background-attachment":"scroll","background-type":"","background-media":"","overlay-type":"","overlay-color":"","overlay-opacity":"","overlay-gradient":""},"tablet":{"background-color":"var(--ast-global-color-5)","background-image":"","background-repeat":"repeat","background-position":"center center","background-size":"auto","background-attachment":"scroll","background-type":"","background-media":"","overlay-type":"","overlay-color":"","overlay-opacity":"","overlay-gradient":""},"mobile":{"background-color":"var(--ast-global-color-5)","background-image":"","background-repeat":"repeat","background-position":"center center","background-size":"auto","background-attachment":"scroll","background-type":"","background-media":"","overlay-type":"","overlay-color":"","overlay-opacity":"","overlay-gradient":""}}},"product_brand":[],"product_cat":[16],"product_tag":[24],"class_list":{"0":"post-3672","1":"product","2":"type-product","3":"status-publish","4":"has-post-thumbnail","6":"product_cat-capsulas","7":"product_tag-quemadordegrasa","8":"desktop-align-left","9":"tablet-align-left","10":"mobile-align-left","12":"first","13":"instock","14":"featured","15":"shipping-taxable","16":"purchasable","17":"product-type-simple"},"uagb_featured_image_src":{"full":["https:\/\/vidanatural.pe\/wp-content\/uploads\/2023\/10\/cafe-verde.png",1000,1000,false],"thumbnail":["https:\/\/vidanatural.pe\/wp-content\/uploads\/2023\/10\/cafe-verde-150x150.png",150,150,true],"medium":["https:\/\/vidanatural.pe\/wp-content\/uploads\/2023\/10\/cafe-verde-300x300.png",300,300,true],"medium_large":["https:\/\/vidanatural.pe\/wp-content\/uploads\/2023\/10\/cafe-verde-768x768.png",768,768,true],"large":["https:\/\/vidanatural.pe\/wp-content\/uploads\/2023\/10\/cafe-verde.png",1000,1000,false],"1536x1536":["https:\/\/vidanatural.pe\/wp-content\/uploads\/2023\/10\/cafe-verde.png",1000,1000,false],"2048x2048":["https:\/\/vidanatural.pe\/wp-content\/uploads\/2023\/10\/cafe-verde.png",1000,1000,false],"woocommerce_thumbnail":["https:\/\/vidanatural.pe\/wp-content\/uploads\/2023\/10\/cafe-verde-300x300.png",300,300,true],"woocommerce_single":["https:\/\/vidanatural.pe\/wp-content\/uploads\/2023\/10\/cafe-verde-600x600.png",600,600,true],"woocommerce_gallery_thumbnail":["https:\/\/vidanatural.pe\/wp-content\/uploads\/2023\/10\/cafe-verde-100x100.png",100,100,true]},"uagb_author_info":{"display_name":"admin","author_link":"https:\/\/vidanatural.pe\/?author=0"},"uagb_comment_info":0,"uagb_excerpt":"Presentaci\u00f3n: 90 c\u00e1psulas\u00a0\u00a0 500 mg Contenido: Caf\u00e9 verde Consumo recomendado: 1 a 2 c\u00e1psulas junto con los alimentos &nbsp;","_links":{"self":[{"href":"https:\/\/vidanatural.pe\/index.php?rest_route=\/wp\/v2\/product\/3672","targetHints":{"allow":["GET"]}}],"collection":[{"href":"https:\/\/vidanatural.pe\/index.php?rest_route=\/wp\/v2\/product"}],"about":[{"href":"https:\/\/vidanatural.pe\/index.php?rest_route=\/wp\/v2\/types\/product"}],"replies":[{"embeddable":true,"href":"https:\/\/vidanatural.pe\/index.php?rest_route=%2Fwp%2Fv2%2Fcomments&post=3672"}],"wp:featuredmedia":[{"embeddable":true,"href":"https:\/\/vidanatural.pe\/index.php?rest_route=\/wp\/v2\/media\/4566"}],"wp:attachment":[{"href":"https:\/\/vidanatural.pe\/index.php?rest_route=%2Fwp%2Fv2%2Fmedia&parent=3672"}],"wp:term":[{"taxonomy":"product_brand","embeddable":true,"href":"https:\/\/vidanatural.pe\/index.php?rest_route=%2Fwp%2Fv2%2Fproduct_brand&post=3672"},{"taxonomy":"product_cat","embeddable":true,"href":"https:\/\/vidanatural.pe\/index.php?rest_route=%2Fwp%2Fv2%2Fproduct_cat&post=3672"},{"taxonomy":"product_tag","embeddable":true,"href":"https:\/\/vidanatural.pe\/index.php?rest_route=%2Fwp%2Fv2%2Fproduct_tag&post=3672"}],"curies":[{"name":"wp","href":"https:\/\/api.w.org\/{rel}","templated":true}]}}