{"id":3612,"date":"2020-09-09T04:31:48","date_gmt":"2020-09-09T04:31:48","guid":{"rendered":"https:\/\/vidanatural.pe\/about\/"},"modified":"2025-04-16T22:48:06","modified_gmt":"2025-04-16T22:48:06","slug":"about","status":"publish","type":"page","link":"https:\/\/vidanatural.pe\/?page_id=3612","title":{"rendered":"Servicios"},"content":{"rendered":"\n<div class=\"wp-block-uagb-advanced-heading uagb-block-4659b23e\"><h1 class=\"uagb-heading-text\">Servicios<\/h1><\/div>\n\n\n\n<div class=\"wp-block-uagb-container uagb-block-96eb9c65 alignfull uagb-is-root-container\"><div class=\"uagb-container-inner-blocks-wrap\">\n<div class=\"wp-block-uagb-image aligncenter uagb-block-c1d734b6 wp-block-uagb-image--layout-default wp-block-uagb-image--effect-static wp-block-uagb-image--align-center\"><figure class=\"wp-block-uagb-image__figure\"><img decoding=\"async\" srcset=\"https:\/\/vidanatural.pe\/wp-content\/uploads\/2021\/03\/basil-leaf.png \" sizes=\"auto, (max-width: 480px) 150px\" src=\"https:\/\/vidanatural.pe\/wp-content\/uploads\/2021\/03\/basil-leaf.png\" alt=\"\" class=\"uag-image-3958\" width=\"150\" height=\"90\" title=\"\" loading=\"lazy\" role=\"img\"\/><\/figure><\/div>\n<\/div><\/div>\n\n\n\n<div class=\"wp-block-uagb-container uagb-block-31a3d8e8 alignfull uagb-is-root-container\"><div class=\"uagb-container-inner-blocks-wrap\">\n<div class=\"wp-block-uagb-container uagb-block-346fa6e3\">\n<div class=\"wp-block-uagb-advanced-heading uagb-block-ad1bed66\"><h2 class=\"uagb-heading-text\">Servicio de maquila.<\/h2><p class=\"uagb-desc-text\">Gracias a nuestra gran capacidad productiva, tecnolog\u00eda de altos est\u00e1ndares de calidad y m\u00e1s de 22 a\u00f1os de experiencia, brindamos servicios de fabricaci\u00f3n de productos naturales  en diversas presentaciones como :<\/p><\/div>\n\n\n\n<ul class=\"wp-block-list\">\n<li>Desarrollo de f\u00f3rmulas<\/li>\n\n\n\n<li>Envasado en sachets &#8211; doypack &#8211; frascos.<\/li>\n\n\n\n<li>Envasado de polvo.<\/li>\n\n\n\n<li>Envasados de granos.<\/li>\n\n\n\n<li>Mezclado de polvo<\/li>\n\n\n\n<li>Etiquetado.<\/li>\n\n\n\n<li>Termocontraible.<\/li>\n\n\n\n<li>Codificaci\u00f2n con sistema inkjet.<\/li>\n<\/ul>\n<\/div>\n\n\n\n<div class=\"wp-block-uagb-container uagb-block-b8feee49\">\n<div class=\"wp-block-uagb-image uagb-block-bc8225a8 wp-block-uagb-image--layout-default wp-block-uagb-image--effect-static wp-block-uagb-image--align-none\"><figure class=\"wp-block-uagb-image__figure\"><img decoding=\"async\" srcset=\"https:\/\/vidanatural.pe\/wp-content\/uploads\/2023\/09\/foto-3.png ,https:\/\/vidanatural.pe\/wp-content\/uploads\/2023\/09\/foto-3.png 780w, https:\/\/vidanatural.pe\/wp-content\/uploads\/2023\/09\/foto-3.png 360w\" sizes=\"auto, (max-width: 480px) 150px\" src=\"https:\/\/vidanatural.pe\/wp-content\/uploads\/2023\/09\/foto-3.png\" alt=\"\" class=\"uag-image-4509\" width=\"800\" height=\"550\" title=\"\" loading=\"lazy\" role=\"img\"\/><\/figure><\/div>\n<\/div>\n<\/div><\/div>\n\n\n\n<div class=\"wp-block-uagb-call-to-action uagb-block-d11bb74d wp-block-button\"><div class=\"uagb-cta__wrap\"><h3 class=\"uagb-cta__title\">\u00bfNecesitas servicios de maquila?<\/h3><p class=\"uagb-cta__desc\">Ofrecemos soluciones de maquila confiables, eficientes y a la medida de tus necesidades. Ya sea producci\u00f3n, empaque o ensamblaje, estamos listos para ayudarte.<\/p><\/div><div class=\"uagb-cta__buttons\"><a href=\"https:\/\/wa.link\/9zaku4\" class=\"uagb-cta__button-link-wrapper wp-block-button__link\" target=\"_self\" rel=\"noopener noreferrer\">Consulta aqu\u00ed<svg xmlns=\"https:\/\/www.w3.org\/2000\/svg\" viewBox=\"0 0 448 512\"><path d=\"M380.9 97.1C339 55.1 283.2 32 223.9 32c-122.4 0-222 99.6-222 222 0 39.1 10.2 77.3 29.6 111L0 480l117.7-30.9c32.4 17.7 68.9 27 106.1 27h.1c122.3 0 224.1-99.6 224.1-222 0-59.3-25.2-115-67.1-157zm-157 341.6c-33.2 0-65.7-8.9-94-25.7l-6.7-4-69.8 18.3L72 359.2l-4.4-7c-18.5-29.4-28.2-63.3-28.2-98.2 0-101.7 82.8-184.5 184.6-184.5 49.3 0 95.6 19.2 130.4 54.1 34.8 34.9 56.2 81.2 56.1 130.5 0 101.8-84.9 184.6-186.6 184.6zm101.2-138.2c-5.5-2.8-32.8-16.2-37.9-18-5.1-1.9-8.8-2.8-12.5 2.8-3.7 5.6-14.3 18-17.6 21.8-3.2 3.7-6.5 4.2-12 1.4-32.6-16.3-54-29.1-75.5-66-5.7-9.8 5.7-9.1 16.3-30.3 1.8-3.7 .9-6.9-.5-9.7-1.4-2.8-12.5-30.1-17.1-41.2-4.5-10.8-9.1-9.3-12.5-9.5-3.2-.2-6.9-.2-10.6-.2-3.7 0-9.7 1.4-14.8 6.9-5.1 5.6-19.4 19-19.4 46.3 0 27.3 19.9 53.7 22.6 57.4 2.8 3.7 39.1 59.7 94.8 83.8 35.2 15.2 49 16.5 66.6 13.9 10.7-1.6 32.8-13.4 37.4-26.4 4.6-13 4.6-24.1 3.2-26.4-1.3-2.5-5-3.9-10.5-6.6z\"><\/path><\/svg><\/a><\/div><\/div>\n\n\n\n<div class=\"wp-block-uagb-container uagb-block-0690fac1 alignfull uagb-is-root-container\"><div class=\"uagb-container-inner-blocks-wrap\">\n<div class=\"wp-block-uagb-advanced-heading uagb-block-e1cf6b2d\"><h6 class=\"uagb-heading-text\">Algunos de nuestros clientes:<\/h6><\/div>\n\n\n\n<figure class=\"wp-block-image size-large aligncenter\"><img decoding=\"async\" src=\"https:\/\/vidanatural.pe\/wp-content\/uploads\/2023\/10\/cropped-LOGO-ALTIVITAL-1-1024x281.png\" alt=\"\"\/><\/figure>\n\n\n\n<figure class=\"wp-block-image size-full aligncenter\"><img decoding=\"async\" src=\"https:\/\/vidanatural.pe\/wp-content\/uploads\/2023\/10\/logo-dr-olaya-clinica.png\" alt=\"\"\/><\/figure>\n\n\n\n<figure class=\"wp-block-image size-full aligncenter\"><img decoding=\"async\" src=\"https:\/\/vidanatural.pe\/wp-content\/uploads\/2023\/10\/logo-biosana.png\" alt=\"\"\/><\/figure>\n<\/div><\/div>\n\n\n\n<p><\/p>\n","protected":false},"excerpt":{"rendered":"<p>Servicios Servicio de maquila. Gracias a nuestra gran capacidad productiva, tecnolog\u00eda de altos est\u00e1ndares de calidad y m\u00e1s de 22 a\u00f1os de experiencia, brindamos servicios de fabricaci\u00f3n de productos naturales en diversas presentaciones como : Algunos de nuestros clientes:<\/p>\n","protected":false},"author":1,"featured_media":0,"parent":0,"menu_order":0,"comment_status":"closed","ping_status":"closed","template":"","meta":{"_uag_custom_page_level_css":"","site-sidebar-layout":"no-sidebar","site-content-layout":"plain-container","ast-site-content-layout":"normal-width-container","site-content-style":"unboxed","site-sidebar-style":"unboxed","ast-global-header-display":"","ast-banner-title-visibility":"","ast-main-header-display":"","ast-hfb-above-header-display":"","ast-hfb-below-header-display":"","ast-hfb-mobile-header-display":"","site-post-title":"disabled","ast-breadcrumbs-content":"","ast-featured-img":"disabled","footer-sml-layout":"","ast-disable-related-posts":"","theme-transparent-header-meta":"enabled","adv-header-id-meta":"","stick-header-meta":"","header-above-stick-meta":"","header-main-stick-meta":"","header-below-stick-meta":"","astra-migrate-meta-layouts":"set","ast-page-background-enabled":"default","ast-page-background-meta":{"desktop":{"background-color":"","background-image":"","background-repeat":"repeat","background-position":"center center","background-size":"auto","background-attachment":"scroll","background-type":"","background-media":"","overlay-type":"","overlay-color":"","overlay-opacity":"","overlay-gradient":""},"tablet":{"background-color":"","background-image":"","background-repeat":"repeat","background-position":"center center","background-size":"auto","background-attachment":"scroll","background-type":"","background-media":"","overlay-type":"","overlay-color":"","overlay-opacity":"","overlay-gradient":""},"mobile":{"background-color":"","background-image":"","background-repeat":"repeat","background-position":"center center","background-size":"auto","background-attachment":"scroll","background-type":"","background-media":"","overlay-type":"","overlay-color":"","overlay-opacity":"","overlay-gradient":""}},"ast-content-background-meta":{"desktop":{"background-color":"var(--ast-global-color-5)","background-image":"","background-repeat":"repeat","background-position":"center center","background-size":"auto","background-attachment":"scroll","background-type":"","background-media":"","overlay-type":"","overlay-color":"","overlay-opacity":"","overlay-gradient":""},"tablet":{"background-color":"var(--ast-global-color-5)","background-image":"","background-repeat":"repeat","background-position":"center center","background-size":"auto","background-attachment":"scroll","background-type":"","background-media":"","overlay-type":"","overlay-color":"","overlay-opacity":"","overlay-gradient":""},"mobile":{"background-color":"var(--ast-global-color-5)","background-image":"","background-repeat":"repeat","background-position":"center center","background-size":"auto","background-attachment":"scroll","background-type":"","background-media":"","overlay-type":"","overlay-color":"","overlay-opacity":"","overlay-gradient":""}},"footnotes":""},"class_list":["post-3612","page","type-page","status-publish","hentry"],"uagb_featured_image_src":{"full":false,"thumbnail":false,"medium":false,"medium_large":false,"large":false,"1536x1536":false,"2048x2048":false,"woocommerce_thumbnail":false,"woocommerce_single":false,"woocommerce_gallery_thumbnail":false},"uagb_author_info":{"display_name":"admin","author_link":"https:\/\/vidanatural.pe\/?author=1"},"uagb_comment_info":0,"uagb_excerpt":"Servicios Servicio de maquila. Gracias a nuestra gran capacidad productiva, tecnolog\u00eda de altos est\u00e1ndares de calidad y m\u00e1s de 22 a\u00f1os de experiencia, brindamos servicios de fabricaci\u00f3n de productos naturales en diversas presentaciones como : Algunos de nuestros clientes:","_links":{"self":[{"href":"https:\/\/vidanatural.pe\/index.php?rest_route=\/wp\/v2\/pages\/3612","targetHints":{"allow":["GET"]}}],"collection":[{"href":"https:\/\/vidanatural.pe\/index.php?rest_route=\/wp\/v2\/pages"}],"about":[{"href":"https:\/\/vidanatural.pe\/index.php?rest_route=\/wp\/v2\/types\/page"}],"author":[{"embeddable":true,"href":"https:\/\/vidanatural.pe\/index.php?rest_route=\/wp\/v2\/users\/1"}],"replies":[{"embeddable":true,"href":"https:\/\/vidanatural.pe\/index.php?rest_route=%2Fwp%2Fv2%2Fcomments&post=3612"}],"version-history":[{"count":13,"href":"https:\/\/vidanatural.pe\/index.php?rest_route=\/wp\/v2\/pages\/3612\/revisions"}],"predecessor-version":[{"id":4758,"href":"https:\/\/vidanatural.pe\/index.php?rest_route=\/wp\/v2\/pages\/3612\/revisions\/4758"}],"wp:attachment":[{"href":"https:\/\/vidanatural.pe\/index.php?rest_route=%2Fwp%2Fv2%2Fmedia&parent=3612"}],"curies":[{"name":"wp","href":"https:\/\/api.w.org\/{rel}","templated":true}]}}